{"id":70,"date":"2016-06-26T19:00:52","date_gmt":"2016-06-26T18:00:52","guid":{"rendered":"http:\/\/www.pmaurer.ch\/?page_id=70"},"modified":"2024-04-01T12:30:50","modified_gmt":"2024-04-01T11:30:50","slug":"beschriftung","status":"publish","type":"page","link":"https:\/\/www.pmaurer.ch\/?page_id=70","title":{"rendered":"Beschriftungen"},"content":{"rendered":"<h4><span style=\"color: #99ccff;\">Beschriftungen<\/span><\/h4>\n<p>Wir machen Sie sichtbar!<\/p>\n<h5>Professionelle Beschriftungsl\u00f6sungen.<\/h5>\n<p>Fahrzeugbeschriftungen, Firmenbeschriftungen, Aufkleber, Schilder, Blachen, Pop-Up Displays, Arbeitskleider inkl. Aufdruck\u2026 Qualitativ hochwertig, schnell und flexibel in Lieferung und Montage.<\/p>\n<p>Wir entwickeln gemeinsam mit Ihnen Ihre gew\u00fcnschte Beschriftungsl\u00f6sung \u2013 von der Beratung, dem Konzept bis hin zur Umsetzung und Montage. Ob Fahrzeugbeschriftungen, Firmenbeschriftungen, Plakat- und Blachen-Anwendungen oder Arbeitskleidung: Wir beraten Sie jederzeit telefonisch oder pers\u00f6nlich und zeigen Ihnen vor Ort entsprechende M\u00f6glichkeiten unverbindlich auf.<\/p>\n<h5>Fahrzeugbeschriftungen\u00a0&#8211; fahrende Werbung, die wirkt.<\/h5>\n<p>Fahrzeuge eignen sich perfekt als mobile Werbetr\u00e4ger. Ob ein einfacher Schriftzug oder eine grossfl\u00e4chige Verklebung. Nach Ihren W\u00fcnschen entwickeln wir die optimale Beschriftungsl\u00f6sung f\u00fcr Ihre Fahrzeuge und setzen diese auf unseren professionellen Druckanlagen um. Wir verwenden dabei ausschliesslich Qualit\u00e4tsfolien.<\/p>\n<p>Firmenbeschriftungen\u00a0&#8211; Werbewirkung vor Ort erzielen.<\/p>\n<p>Ob im Aussen- oder Innenbereich, den Beschriftungsl\u00f6sungen f\u00fcr Ihre Firma sind keine Grenzen gesetzt.<\/p>\n<p>Damit sie gefunden werden: Machen Sie auf Ihr Gesch\u00e4ft oder auf Neuheiten und Aktionen aufmerksam. Wir haben f\u00fcr Ihre entsprechenden Bed\u00fcrfnisse die passende Qualit\u00e4tsfolie im Sortiment. Mit unseren verschiedenen Folienl\u00f6sungen erarbeiten wir Ihre optimale Beschriftungsl\u00f6sung.<\/p>\n<p>Beschildern Sie Ihr Geb\u00e4ude und Ihre Kunden finden den Weg zu Ihnen.<\/p>\n<h5>Aufkleber &#8211; Werbung, die haften bleibt.<\/h5>\n<p>Ein absoluter Klassiker \u2013 Aufkleber sind ideal als Give-Away und machen auf Ihre Produkte und Dienstleistungen aufmerksam.<\/p>\n<h5>Blachen &#8211;\u00a0Schnell montiert, ein garantierter Blickfang.<\/h5>\n<p>Die Einsatzm\u00f6glichkeiten von Werbeblachen sind zahlreich, f\u00fcr Veranstaltungen, Baustellen oder Messen. Die Werbeblachen\u00a0sind einfach und schnell montiert, wetterfest und langlebig und daher unbegrenzt einsetzbar.<\/p>\n<h5>Plakate &#8211;\u00a0Der Werbeklassiker mit Breitenwirkung.<\/h5>\n<p>Aussenplakate sind insbesondere sinnvoll an gut frequentierten Lagen. Aber auch im Innenbereich oder an Events k\u00f6nnen Plakate als Kommunikationsmittel eingesetzt werden. Sie kommunizieren Ihre Botschaft so optimal an eine breite Zielgruppe.<\/p>\n<h5>Bekleidung<\/h5>\n<p>Ein professioneller, einheitlicher Auftritt l\u00e4sst sich auch mittels einheitlicher Kleidung Ihres Teams vermitteln. Entsprechend bieten wir\u00a0Arbeitskleidung im Sortiment an. Wir f\u00fchren bekannte Marken aus dem Arbeitskleidungssegment in unterschiedlichen Preisklassen und beschriften Ihnen auf Wunsch auch T-Shirts, Polos, Sicherheitsbekleidung, Softshell Jacken etc. mittels Transferdruck oder Flock.<\/p>\n","protected":false},"excerpt":{"rendered":"<p>Beschriftungen Wir machen Sie sichtbar! Professionelle Beschriftungsl\u00f6sungen. Fahrzeugbeschriftungen, Firmenbeschriftungen, Aufkleber, Schilder, Blachen, Pop-Up Displays, Arbeitskleider inkl. Aufdruck\u2026 Qualitativ hochwertig, schnell und flexibel in Lieferung und Montage. Wir entwickeln gemeinsam mit Ihnen Ihre gew\u00fcnschte Beschriftungsl\u00f6sung \u2013 von der Beratung, dem Konzept bis hin zur Umsetzung und Montage. Ob Fahrzeugbeschriftungen, Firmenbeschriftungen, Plakat- und Blachen-Anwendungen oder Arbeitskleidung: Wir [&hellip;]<\/p>\n","protected":false},"author":1,"featured_media":0,"parent":0,"menu_order":5,"comment_status":"closed","ping_status":"closed","template":"","meta":{"jetpack_post_was_ever_published":false,"footnotes":""},"class_list":["post-70","page","type-page","status-publish","hentry"],"jetpack_sharing_enabled":true,"jetpack_shortlink":"https:\/\/wp.me\/P8igUh-18","jetpack-related-posts":[],"_links":{"self":[{"href":"https:\/\/www.pmaurer.ch\/index.php?rest_route=\/wp\/v2\/pages\/70","targetHints":{"allow":["GET"]}}],"collection":[{"href":"https:\/\/www.pmaurer.ch\/index.php?rest_route=\/wp\/v2\/pages"}],"about":[{"href":"https:\/\/www.pmaurer.ch\/index.php?rest_route=\/wp\/v2\/types\/page"}],"author":[{"embeddable":true,"href":"https:\/\/www.pmaurer.ch\/index.php?rest_route=\/wp\/v2\/users\/1"}],"replies":[{"embeddable":true,"href":"https:\/\/www.pmaurer.ch\/index.php?rest_route=%2Fwp%2Fv2%2Fcomments&post=70"}],"version-history":[{"count":11,"href":"https:\/\/www.pmaurer.ch\/index.php?rest_route=\/wp\/v2\/pages\/70\/revisions"}],"predecessor-version":[{"id":250,"href":"https:\/\/www.pmaurer.ch\/index.php?rest_route=\/wp\/v2\/pages\/70\/revisions\/250"}],"wp:attachment":[{"href":"https:\/\/www.pmaurer.ch\/index.php?rest_route=%2Fwp%2Fv2%2Fmedia&parent=70"}],"curies":[{"name":"wp","href":"https:\/\/api.w.org\/{rel}","templated":true}]}}