{"id":4,"date":"2015-10-18T11:00:14","date_gmt":"2015-10-18T10:00:14","guid":{"rendered":"http:\/\/www.pmaurer.ch\/?page_id=4"},"modified":"2024-04-01T12:23:37","modified_gmt":"2024-04-01T11:23:37","slug":"home","status":"publish","type":"page","link":"https:\/\/www.pmaurer.ch\/","title":{"rendered":"Home"},"content":{"rendered":"<p>Kundenzufriedenheit und Qualit\u00e4t sind unsere Markenzeichen und stehen bei uns an erster Stelle. Durch die pers\u00f6nliche Beratung finden wir f\u00fcr unsere Kunden immer die beste L\u00f6sung.<\/p>\n<p>Wir helfen Ihnen kompetent bei der Aus- und Umr\u00fcstung Ihres Wagens. Gepr\u00fcfte Qualit\u00e4t zu fairen Preisen!<\/p>\n<h4><span style=\"color: #99ccff;\">Spezialist in den Bereichen f\u00fcr die Marke Volvo:<\/span><\/h4>\n<ul>\n<li>Autozubeh\u00f6r und Car Tuning<\/li>\n<li>Auto Hifi-Anlage<\/li>\n<li>Reparaturen und Service<\/li>\n<li>An- und Verkauf von Occasionen<\/li>\n<li>Beschriftungen<\/li>\n<\/ul>\n<p>Wir bem\u00fchen uns mit neuen Lieferanten \u00fcber Produkte f\u00fcr unser Angebot zu verhandeln,damit wir unser Angebot erweitern k\u00f6nnen.<\/p>\n","protected":false},"excerpt":{"rendered":"<p>Kundenzufriedenheit und Qualit\u00e4t sind unsere Markenzeichen und stehen bei uns an erster Stelle. Durch die pers\u00f6nliche Beratung finden wir f\u00fcr unsere Kunden immer die beste L\u00f6sung. Wir helfen Ihnen kompetent bei der Aus- und Umr\u00fcstung Ihres Wagens. Gepr\u00fcfte Qualit\u00e4t zu fairen Preisen! Spezialist in den Bereichen f\u00fcr die Marke Volvo: Autozubeh\u00f6r und Car Tuning Auto [&hellip;]<\/p>\n","protected":false},"author":1,"featured_media":0,"parent":0,"menu_order":0,"comment_status":"closed","ping_status":"closed","template":"","meta":{"jetpack_post_was_ever_published":false,"footnotes":""},"class_list":["post-4","page","type-page","status-publish","hentry"],"jetpack_sharing_enabled":true,"jetpack_shortlink":"https:\/\/wp.me\/P8igUh-4","jetpack-related-posts":[],"_links":{"self":[{"href":"https:\/\/www.pmaurer.ch\/index.php?rest_route=\/wp\/v2\/pages\/4","targetHints":{"allow":["GET"]}}],"collection":[{"href":"https:\/\/www.pmaurer.ch\/index.php?rest_route=\/wp\/v2\/pages"}],"about":[{"href":"https:\/\/www.pmaurer.ch\/index.php?rest_route=\/wp\/v2\/types\/page"}],"author":[{"embeddable":true,"href":"https:\/\/www.pmaurer.ch\/index.php?rest_route=\/wp\/v2\/users\/1"}],"replies":[{"embeddable":true,"href":"https:\/\/www.pmaurer.ch\/index.php?rest_route=%2Fwp%2Fv2%2Fcomments&post=4"}],"version-history":[{"count":14,"href":"https:\/\/www.pmaurer.ch\/index.php?rest_route=\/wp\/v2\/pages\/4\/revisions"}],"predecessor-version":[{"id":242,"href":"https:\/\/www.pmaurer.ch\/index.php?rest_route=\/wp\/v2\/pages\/4\/revisions\/242"}],"wp:attachment":[{"href":"https:\/\/www.pmaurer.ch\/index.php?rest_route=%2Fwp%2Fv2%2Fmedia&parent=4"}],"curies":[{"name":"wp","href":"https:\/\/api.w.org\/{rel}","templated":true}]}}