{"id":29,"date":"2015-10-18T11:00:45","date_gmt":"2015-10-18T10:00:45","guid":{"rendered":"http:\/\/www.pmaurer.ch\/?page_id=29"},"modified":"2024-04-01T12:27:41","modified_gmt":"2024-04-01T11:27:41","slug":"hifianlagen","status":"publish","type":"page","link":"https:\/\/www.pmaurer.ch\/?page_id=29","title":{"rendered":"HiFi-Anlagen"},"content":{"rendered":"<h4><span style=\"color: #99ccff;\">HiFi-Anlagen<\/span><\/h4>\n<h5>Car Hifi f\u00fcr h\u00f6chste Klangerlebnisse<\/h5>\n<p>Angesichts der technischen Entwicklung geh\u00f6rt eine anspruchsvolle HiFi-Anlage im Auto heute zum Standard. Insbesondere auf l\u00e4ngeren Fahrten ist die Car HiFi-Anlage ein willkommener Begleiter, der die Reise zum akustischen Erlebnis macht. Genau wie im heimischen Wohnzimmer sind mit einer modernen Ausr\u00fcstung auch im Auto exzellente Klangresultate m\u00f6glich. Mit dem passenden Car-HiFi-Equipment wird der Sound h\u00f6chsten Anspr\u00fcchen gerecht. Bei uns kriegen Sie hochwertige Car HiFi-Produkte, mit denen Sie ihr Auto professionell aufr\u00fcsten k\u00f6nnen.<\/p>\n<h6>Vom einfachen Autoradio zum High Tech Ger\u00e4t<\/h6>\n<p>Personenwagen sind in der Regel serienm\u00e4\u00dfig mit einfachen Autoradios ausgestattet. Wer allerdings Wert auf einen guten Klang und praktische Funktionen legt, der sollte das einfache Standardger\u00e4t gegen ein modernes Autoradio mit n\u00fctzlichen Features austauschen oder das vorhandene Autoradio nach M\u00f6glichkeit aufr\u00fcsten. Moderne Autoradios sind beispielsweise mit Navigationssystemen oder kleinen Bildschirmen (Monitorradio) gekoppelt. Die Moniceiver mit Touch-Control erlauben den einfachen Zugriff mit visueller Unterst\u00fctzung auf Musikdateien der mobilen Ger\u00e4te wie dem IPod. Das Autoradio der j\u00fcngsten Generation h\u00e4lt Anschl\u00fcsse f\u00fcr diese mobilen Ger\u00e4te bereit und ist in der Lage, alle g\u00e4ngigen Formate abzuspielen. Ein beliebtes Zubeh\u00f6r f\u00fcr Autoradios ist beispielsweise das Lenkrad-Interface, das die Fernbedienung des Autoradios erm\u00f6glicht.<\/p>\n<h6>Perfekter Klang durch Lautsprecher und Subwoofer<\/h6>\n<p>Vor allem die Lautsprecher zeichnen f\u00fcr einen ausgewogenen, satten Klang verantwortlich. Wichtig hierbei ist eine \u00dcbereinstimmung der Lautsprecher Wattleistung mit der Leistung des Radios (RMS). Die Lautsprecher Arten unterscheiden sich vornehmlich in Zwei-Wege-Systeme und Drei-Wege-Systeme. Bei letzterem haben die Lautsprecher f\u00fcr die Tieft\u00f6ne, die Mittelt\u00f6ne und die Hocht\u00f6ne jeweils eigene Komponenten. Zus\u00e4tzlich zu guten Car-Hifi-Lautsprechern werden ein Verst\u00e4rker und ein Subwoofer empfohlen. Der Subwoofer sorgt f\u00fcr einen satten Klang durch Verst\u00e4rkung der tiefen T\u00f6ne. Musikliebhaber haben die Wahl zwischen Subwoofern mit Geh\u00e4use und einem Subwoofer, der frei im Fahrzeug angebracht werden kann.<\/p>\n<h6>Aufr\u00fcstung durch Endstufe, Adapter und passendes Zubeh\u00f6r<\/h6>\n<p>Mit einer externen Endstufe k\u00f6nnen Sie die Ausgangsleistung des Autoradios erh\u00f6hen. Die externe Endstufe, also den Verst\u00e4rker, schlie\u00dfen Sie \u00fcber den Vorverst\u00e4rkerausgang des Radios an. Die Endstufe k\u00f6nnen Sie nach Wunsch ein oder ausschalten. Manche Autoradios haben jedoch keinen Vorverst\u00e4rkerausgang. Auch hier k\u00f6nnen Sie den Klang verbessern, indem Sie die Endstufe \u00fcber einen Adapter am Lautsprecherausgang anschlie\u00dfen. Bei der Endstufe selber haben Sie die Wahl zwischen analogen und stromsparenden digitalen Verst\u00e4rkern.<\/p>\n<h6>D\u00e4mmung f\u00fcr besseren Car-Hifi-Sound<\/h6>\n<p>Den letzten Schliff verpassen Sie der Sound-Ausstattung Ihres Fahrzeugs mit einer anst\u00e4ndigen Car HiFi-D\u00e4mmung. Da die Lautsprecher vibrieren, m\u00fcssen sie stabil im Geh\u00e4use oder den T\u00fcren sitzen, damit keine unsch\u00f6nen Nebenger\u00e4usche wie Scheppern oder Brummen entstehen. Auch die Fahrger\u00e4usche werden durch eine perfekte Abdichtung leiser, so dass der Sound unverf\u00e4lscht zu h\u00f6ren ist. F\u00fcr die D\u00e4mmung k\u00f6nnen Sie das einfach anzuwendende Alubutyl verwenden. Weitere M\u00f6glichkeiten sind die Bitumenmatte, die Sie einfach zuschneiden k\u00f6nnen und die D\u00e4mmpaste.<\/p>\n","protected":false},"excerpt":{"rendered":"<p>HiFi-Anlagen Car Hifi f\u00fcr h\u00f6chste Klangerlebnisse Angesichts der technischen Entwicklung geh\u00f6rt eine anspruchsvolle HiFi-Anlage im Auto heute zum Standard. Insbesondere auf l\u00e4ngeren Fahrten ist die Car HiFi-Anlage ein willkommener Begleiter, der die Reise zum akustischen Erlebnis macht. Genau wie im heimischen Wohnzimmer sind mit einer modernen Ausr\u00fcstung auch im Auto exzellente Klangresultate m\u00f6glich. Mit dem [&hellip;]<\/p>\n","protected":false},"author":1,"featured_media":0,"parent":0,"menu_order":3,"comment_status":"closed","ping_status":"closed","template":"","meta":{"jetpack_post_was_ever_published":false,"footnotes":""},"class_list":["post-29","page","type-page","status-publish","hentry"],"jetpack_sharing_enabled":true,"jetpack_shortlink":"https:\/\/wp.me\/P8igUh-t","jetpack-related-posts":[],"_links":{"self":[{"href":"https:\/\/www.pmaurer.ch\/index.php?rest_route=\/wp\/v2\/pages\/29","targetHints":{"allow":["GET"]}}],"collection":[{"href":"https:\/\/www.pmaurer.ch\/index.php?rest_route=\/wp\/v2\/pages"}],"about":[{"href":"https:\/\/www.pmaurer.ch\/index.php?rest_route=\/wp\/v2\/types\/page"}],"author":[{"embeddable":true,"href":"https:\/\/www.pmaurer.ch\/index.php?rest_route=\/wp\/v2\/users\/1"}],"replies":[{"embeddable":true,"href":"https:\/\/www.pmaurer.ch\/index.php?rest_route=%2Fwp%2Fv2%2Fcomments&post=29"}],"version-history":[{"count":8,"href":"https:\/\/www.pmaurer.ch\/index.php?rest_route=\/wp\/v2\/pages\/29\/revisions"}],"predecessor-version":[{"id":246,"href":"https:\/\/www.pmaurer.ch\/index.php?rest_route=\/wp\/v2\/pages\/29\/revisions\/246"}],"wp:attachment":[{"href":"https:\/\/www.pmaurer.ch\/index.php?rest_route=%2Fwp%2Fv2%2Fmedia&parent=29"}],"curies":[{"name":"wp","href":"https:\/\/api.w.org\/{rel}","templated":true}]}}