{"id":24,"date":"2015-10-18T11:00:19","date_gmt":"2015-10-18T10:00:19","guid":{"rendered":"http:\/\/www.pmaurer.ch\/?page_id=24"},"modified":"2024-04-01T12:23:01","modified_gmt":"2024-04-01T11:23:01","slug":"reparaturenservice","status":"publish","type":"page","link":"https:\/\/www.pmaurer.ch\/?page_id=24","title":{"rendered":"Reparaturen &#038; Service"},"content":{"rendered":"<h4><span style=\"color: #99ccff;\"><strong>Reparaturen &amp; Service<\/strong><\/span><\/h4>\n<p>Von Servicearbeiten bis hin zu Problemf\u00e4llen, bieten wir alles rund um Ihr Auto.<\/p>\n<h5>Leistungsservice<\/h5>\n<ul>\n<li>Inspektion, Reparatur und Kundendienstservice<\/li>\n<li>Reparatur und Wartung f\u00fcr Benzin- und Diesel-Motoren<\/li>\n<li>Autoreifenservice<\/li>\n<li>Autopflege-Service<\/li>\n<li>Karosseriereparaturen<\/li>\n<li>Batterie Check<\/li>\n<li>Ersatzteilservice<\/li>\n<li>Fahrzeug-Vorf\u00fchrungen<\/li>\n<\/ul>\n<h5>Verschleissteile<\/h5>\n<ul>\n<li>Bremsscheiben<\/li>\n<li>Bremskl\u00f6tze<\/li>\n<li>Bremsschl\u00e4uche<\/li>\n<li>Radlager<\/li>\n<li>Motorlager<\/li>\n<li>Manschetten<\/li>\n<\/ul>\n","protected":false},"excerpt":{"rendered":"<p>Reparaturen &amp; Service Von Servicearbeiten bis hin zu Problemf\u00e4llen, bieten wir alles rund um Ihr Auto. Leistungsservice Inspektion, Reparatur und Kundendienstservice Reparatur und Wartung f\u00fcr Benzin- und Diesel-Motoren Autoreifenservice Autopflege-Service Karosseriereparaturen Batterie Check Ersatzteilservice Fahrzeug-Vorf\u00fchrungen Verschleissteile Bremsscheiben Bremskl\u00f6tze Bremsschl\u00e4uche Radlager Motorlager Manschetten<\/p>\n","protected":false},"author":1,"featured_media":0,"parent":0,"menu_order":1,"comment_status":"closed","ping_status":"closed","template":"","meta":{"jetpack_post_was_ever_published":false,"footnotes":""},"class_list":["post-24","page","type-page","status-publish","hentry"],"jetpack_sharing_enabled":true,"jetpack_shortlink":"https:\/\/wp.me\/P8igUh-o","jetpack-related-posts":[],"_links":{"self":[{"href":"https:\/\/www.pmaurer.ch\/index.php?rest_route=\/wp\/v2\/pages\/24","targetHints":{"allow":["GET"]}}],"collection":[{"href":"https:\/\/www.pmaurer.ch\/index.php?rest_route=\/wp\/v2\/pages"}],"about":[{"href":"https:\/\/www.pmaurer.ch\/index.php?rest_route=\/wp\/v2\/types\/page"}],"author":[{"embeddable":true,"href":"https:\/\/www.pmaurer.ch\/index.php?rest_route=\/wp\/v2\/users\/1"}],"replies":[{"embeddable":true,"href":"https:\/\/www.pmaurer.ch\/index.php?rest_route=%2Fwp%2Fv2%2Fcomments&post=24"}],"version-history":[{"count":10,"href":"https:\/\/www.pmaurer.ch\/index.php?rest_route=\/wp\/v2\/pages\/24\/revisions"}],"predecessor-version":[{"id":241,"href":"https:\/\/www.pmaurer.ch\/index.php?rest_route=\/wp\/v2\/pages\/24\/revisions\/241"}],"wp:attachment":[{"href":"https:\/\/www.pmaurer.ch\/index.php?rest_route=%2Fwp%2Fv2%2Fmedia&parent=24"}],"curies":[{"name":"wp","href":"https:\/\/api.w.org\/{rel}","templated":true}]}}